{"id":819,"date":"2025-03-07T13:16:29","date_gmt":"2025-03-07T13:16:29","guid":{"rendered":"https:\/\/rafabelgini.com\/?page_id=819"},"modified":"2026-01-15T11:15:54","modified_gmt":"2026-01-15T11:15:54","slug":"spectacles-de-danse","status":"publish","type":"page","link":"https:\/\/rafabelgini.com\/?page_id=819","title":{"rendered":"Spectacles de Danse"},"content":{"rendered":"\t\t<div data-elementor-type=\"wp-page\" data-elementor-id=\"819\" class=\"elementor elementor-819\" data-elementor-post-type=\"page\">\n\t\t\t\t<div class=\"elementor-element elementor-element-2527f26 e-flex e-con-boxed e-con e-parent\" data-id=\"2527f26\" data-element_type=\"container\" data-e-type=\"container\">\n\t\t\t\t\t<div class=\"e-con-inner\">\n\t\t\t\t<div class=\"elementor-element elementor-element-6b31f7a elementor-widget elementor-widget-html\" data-id=\"6b31f7a\" data-element_type=\"widget\" data-e-type=\"widget\" data-widget_type=\"html.default\">\n\t\t\t\t<div class=\"elementor-widget-container\">\n\t\t\t\t\t<section class=\"spectacle-cards\" aria-labelledby=\"spectacle-cards-title\">\r\n  <style>\r\n    @import url('https:\/\/fonts.googleapis.com\/css2?family=Cinzel:wght@500;600&family=Plus+Jakarta+Sans:wght@400;500;600;700&display=swap');\r\n\r\n    .spectacle-cards{\r\n      --main:#892635;\r\n      --soft:#f4f1f2;\r\n      --maxw:1200px;\r\n\r\n      font-family:\"Plus Jakarta Sans\",sans-serif;\r\n      padding:90px 20px;\r\n      background: linear-gradient(180deg,#ffffff 0%, var(--soft) 100%);\r\n      color:#2a2a2a;\r\n    }\r\n\r\n    .spectacle-cards__wrap{\r\n      max-width:var(--maxw);\r\n      margin:0 auto;\r\n      display:flex;\r\n      flex-direction:column;\r\n      gap:42px;\r\n    }\r\n\r\n    \/* ===== HEADER ===== *\/\r\n    .spectacle-cards__head{\r\n      text-align:center;\r\n      max-width:960px;\r\n      margin:0 auto;\r\n      position:relative;\r\n    }\r\n\r\n    \/* ===== BACK HOME ===== *\/\r\n    .back-home{\r\n      display:inline-flex;\r\n      align-items:center;\r\n      gap:8px;\r\n      font-family:\"Cinzel\", serif;\r\n      font-size:14px;\r\n      font-weight:600;\r\n      letter-spacing:.08em;\r\n      text-transform:uppercase;\r\n      color:var(--main);\r\n      text-decoration:none;\r\n      padding:10px 14px;\r\n      border-radius:999px;\r\n      border:1px solid rgba(137,38,53,.18);\r\n      background:rgba(255,255,255,.75);\r\n      backdrop-filter: blur(6px);\r\n      -webkit-backdrop-filter: blur(6px);\r\n      box-shadow:0 10px 24px rgba(0,0,0,.06);\r\n      transition:transform .2s ease, background .2s ease, border-color .2s ease;\r\n      float:left;\r\n      margin-bottom:16px;\r\n    }\r\n    .back-home:hover{\r\n      transform:translateY(-1px);\r\n      background:#fff;\r\n      border-color:rgba(137,38,53,.35);\r\n    }\r\n\r\n    .spectacle-cards__title{\r\n      margin:0 0 22px;\r\n      font-family:\"Cinzel\",serif;\r\n      font-size:clamp(32px,4.5vw,48px);\r\n      font-weight:600;\r\n      color:var(--main);\r\n      letter-spacing:.4px;\r\n      line-height:1.4;\r\n      clear:both;\r\n    }\r\n\r\n    .spectacle-cards__lead{\r\n      margin:0 auto;\r\n      max-width:880px;\r\n      font-size:17.5px;\r\n      line-height:1.9;\r\n      color:#5a5156;\r\n      word-spacing:0.03em;\r\n    }\r\n\r\n    \/* ===== SUBTITLE ===== *\/\r\n    .spectacle-cards__sub{\r\n      text-align:center;\r\n      font-family:\"Cinzel\",serif;\r\n      font-size:20px;\r\n      font-weight:600;\r\n      letter-spacing:.12em;\r\n      text-transform:uppercase;\r\n      color:#1f1419;\r\n    }\r\n\r\n    \/* ===== GRID ===== *\/\r\n    .cards-grid{\r\n      display:grid;\r\n      grid-template-columns: repeat(2, minmax(0,1fr));\r\n      gap:28px;\r\n    }\r\n\r\n    .card{\r\n      position:relative;\r\n      border-radius:22px;\r\n      overflow:hidden;\r\n      min-height:520px;\r\n      color:#fff;\r\n      isolation:isolate;\r\n      box-shadow:0 22px 50px rgba(0,0,0,.18);\r\n    }\r\n\r\n    .card img{\r\n      position:absolute;\r\n      inset:0;\r\n      width:100%;\r\n      height:100%;\r\n      object-fit:cover;\r\n      transform:scale(1.04);\r\n      transition:transform .9s ease;\r\n    }\r\n\r\n    .card:hover img{ transform:scale(1.12); }\r\n\r\n    .card::after{\r\n      content:\"\";\r\n      position:absolute;\r\n      inset:0;\r\n      background: linear-gradient(\r\n        180deg,\r\n        rgba(0,0,0,.08) 0%,\r\n        rgba(0,0,0,.55) 60%,\r\n        rgba(20,9,13,.88) 100%\r\n      );\r\n      z-index:1;\r\n    }\r\n\r\n    .card__content{\r\n      position:absolute;\r\n      inset:0;\r\n      z-index:2;\r\n      display:flex;\r\n      flex-direction:column;\r\n      justify-content:flex-end;\r\n      padding:30px;\r\n      gap:14px;\r\n    }\r\n\r\n    .tag{\r\n      align-self:flex-start;\r\n      background:rgba(137,38,53,.92);\r\n      padding:6px 14px;\r\n      border-radius:999px;\r\n      font-size:12.5px;\r\n      font-weight:700;\r\n      letter-spacing:.06em;\r\n      text-transform:uppercase;\r\n      border:1px solid rgba(255,255,255,.18);\r\n    }\r\n\r\n    .card__text{\r\n      margin:0;\r\n      font-size:15.8px;\r\n      line-height:1.75;\r\n      max-width:540px;\r\n    }\r\n\r\n    .card__meta{\r\n      display:flex;\r\n      align-items:center;\r\n      justify-content:space-between;\r\n      gap:14px;\r\n      flex-wrap:wrap;\r\n    }\r\n\r\n    .price{\r\n      font-size:18.5px;\r\n      font-weight:800;\r\n      white-space:nowrap;\r\n    }\r\n\r\n    .cta{\r\n      text-decoration:none;\r\n      background:#ffffff;\r\n      color:var(--main);\r\n      font-family:\"Cinzel\",serif;\r\n      font-weight:600;\r\n      font-size:15.5px;\r\n      padding:11px 20px;\r\n      border-radius:999px;\r\n      transition:transform .25s ease, background .25s ease;\r\n    }\r\n\r\n    .cta:hover{\r\n      transform:translateY(-2px);\r\n      background:#f3e9ed;\r\n    }\r\n\r\n    \/* ===== WIDE CARD ===== *\/\r\n    .card--wide{\r\n      grid-column:1 \/ -1;\r\n      min-height:560px;\r\n    }\r\n\r\n    .final-cta{\r\n      text-align:center;\r\n      padding-top:20px;\r\n    }\r\n\r\n    .final-cta p{\r\n      margin:0 0 20px;\r\n      font-size:18px;\r\n      font-weight:600;\r\n      color:#3b3438;\r\n      line-height:1.8;\r\n    }\r\n\r\n    .final-cta a{\r\n      display:inline-flex;\r\n      align-items:center;\r\n      gap:10px;\r\n      background:var(--main);\r\n      color:#ffffff;\r\n      font-family:\"Cinzel\",serif;\r\n      font-size:18px;\r\n      font-weight:600;\r\n      padding:15px 30px;\r\n      border-radius:999px;\r\n      text-decoration:none;\r\n      box-shadow:0 16px 34px rgba(137,38,53,.3);\r\n      transition:transform .25s ease;\r\n    }\r\n\r\n    .final-cta a:hover{ transform:translateY(-2px); }\r\n\r\n    @media (max-width:980px){\r\n      .cards-grid{ grid-template-columns:1fr; }\r\n      .card{ min-height:480px; }\r\n      .card--wide{ min-height:520px; }\r\n      .back-home{ float:none; margin:0 auto 16px; }\r\n      .spectacle-cards__title{ clear:none; }\r\n    }\r\n\r\n    @media (max-width:520px){\r\n      .spectacle-cards{ padding:70px 16px; }\r\n      .spectacle-cards__title{ font-size:34px; }\r\n      .spectacle-cards__sub{ font-size:17px; }\r\n      .card__content{ padding:22px; }\r\n    }\r\n  <\/style>\r\n\r\n  <div class=\"spectacle-cards__wrap\">\r\n    <header class=\"spectacle-cards__head\">\r\n      <a href=\"https:\/\/rafabelgini.com\/\" class=\"back-home\">\u2190 Accueil<\/a>\r\n\r\n      <h1 id=\"spectacle-cards-title\" class=\"spectacle-cards__title\">\r\n        Spectacles de Danse Orientale pour \u00c9v\u00e9nements Priv\u00e9s\r\n      <\/h1>\r\n\r\n      <p class=\"spectacle-cards__lead\">\r\n        Apportez une touche magique et envo\u00fbtante \u00e0 vos \u00e9v\u00e9nements avec un spectacle de danse orientale !\r\n        Que ce soit pour un anniversaire, un mariage, une f\u00eate d\u2019entreprise ou toute autre c\u00e9l\u00e9bration,\r\n        offrez \u00e0 vos invit\u00e9s une exp\u00e9rience unique et immersive\r\n      <\/p>\r\n    <\/header>\r\n\r\n    <div class=\"spectacle-cards__sub\">Formules disponibles<\/div>\r\n\r\n    <div class=\"cards-grid\">\r\n      <article class=\"card\">\r\n        <img decoding=\"async\" src=\"https:\/\/rafabelgini.com\/wp-content\/uploads\/2025\/03\/WhatsApp-Image-2025-03-13-at-12.45.30.jpeg\" alt=\"Spectacle solo de danse orientale\">\r\n        <div class=\"card__content\">\r\n          <span class=\"tag\">Spectacle solo \u2013 20 minutes<\/span>\r\n          <p class=\"card__text\">\r\n           Un show captivant alliant gr\u00e2ce et dynamisme, parfait pour \u00e9merveiller vos invit\u00e9s.\r\n          <\/p>\r\n          <div class=\"card__meta\">\r\n            <span class=\"price\">Tarif : 300 CHF<\/span>\r\n            <a class=\"cta\" href=\"https:\/\/wa.me\/41796394150\" target=\"_blank\" rel=\"noopener\">WhatsApp<\/a>\r\n          <\/div>\r\n        <\/div>\r\n      <\/article>\r\n\r\n      <article class=\"card\">\r\n        <img decoding=\"async\" src=\"https:\/\/rafabelgini.com\/wp-content\/uploads\/2025\/03\/WhatsApp-Image-2025-03-13-at-12.44.22.jpeg\" alt=\"Spectacle + animation de danse orientale\">\r\n        <div class=\"card__content\">\r\n          <span class=\"tag\">Spectacle + animation \u2013 30 minutes<\/span>\r\n          <p class=\"card__text\">\r\n           Un show de danse suivi d\u2019une animation interactive o\u00f9 vos invit\u00e9s pourront danser et s\u2019amuser avec la danseuse. Possibilit\u00e9 d\u2019ajouter une deuxi\u00e8me danseuse pour encore plus d\u2019\u00e9nergie et de spectacle ! \r\n          <\/p>\r\n          <div class=\"card__meta\">\r\n            <span class=\"price\">Tarif : \u00e0 partir de 600 CHF (+ frais de d\u00e9placement)<\/span>\r\n            <a class=\"cta\" href=\"https:\/\/wa.me\/41796394150\" target=\"_blank\" rel=\"noopener\">WhatsApp<\/a>\r\n          <\/div>\r\n        <\/div>\r\n      <\/article>\r\n\r\n      <!-- \u2705 \u00daLTIMA FOTO \u2013 AGORA FUNCIONANDO -->\r\n      <article class=\"card card--wide\">\r\n        <img decoding=\"async\" src=\"https:\/\/rafabelgini.com\/wp-content\/uploads\/2025\/03\/WhatsApp-Image-2025-03-13-at-12.45.30-1.jpeg\" alt=\"Moment fort du spectacle de danse orientale\">\r\n        <div class=\"card__content\">\r\n          <span class=\"tag\">Exp\u00e9rience artistique<\/span>\r\n          <p class=\"card__text\">\r\n            Une immersion dans la richesse de la danse orientale, entre traditions, musicalit\u00e9 et \u00e9nergie vivante, pour cr\u00e9er un moment profond\u00e9ment marquant.\r\n          <\/p>\r\n          <div class=\"card__meta\">\r\n            <span class=\"price\">Sur devis<\/span>\r\n            <a class=\"cta\" href=\"https:\/\/wa.me\/41796394150\" target=\"_blank\" rel=\"noopener\">WhatsApp<\/a>\r\n          <\/div>\r\n        <\/div>\r\n      <\/article>\r\n    <\/div>\r\n\r\n    <div class=\"final-cta\">\r\n      <p>Contactez-moi pour r\u00e9server votre spectacle et cr\u00e9er un moment inoubliable!<\/p>\r\n      <a href=\"https:\/\/wa.me\/41796394150\" target=\"_blank\" rel=\"noopener\">\ud83d\udcac \u00c9crire sur WhatsApp<\/a>\r\n    <\/div>\r\n  <\/div>\r\n<\/section>\r\n\t\t\t\t<\/div>\n\t\t\t\t<\/div>\n\t\t\t\t\t<\/div>\n\t\t\t\t<\/div>\n\t\t\t\t<\/div>\n\t\t","protected":false},"excerpt":{"rendered":"<p>\u2190 Accueil Spectacles de Danse Orientale pour \u00c9v\u00e9nements Priv\u00e9s Apportez une touche magique et envo\u00fbtante \u00e0 vos \u00e9v\u00e9nements avec un spectacle de danse orientale ! Que ce soit pour un anniversaire, un mariage, une f\u00eate d\u2019entreprise ou toute autre c\u00e9l\u00e9bration, offrez \u00e0 vos invit\u00e9s une exp\u00e9rience unique et immersive Formules disponibles Spectacle solo \u2013 20 minutes Un show captivant alliant gr\u00e2ce et dynamisme, parfait pour \u00e9merveiller vos invit\u00e9s. Tarif : 300 CHF WhatsApp Spectacle + &hellip; <\/p>\n","protected":false},"author":1,"featured_media":0,"parent":0,"menu_order":0,"comment_status":"closed","ping_status":"closed","template":"elementor_canvas","meta":{"footnotes":""},"class_list":["post-819","page","type-page","status-publish","hentry"],"_links":{"self":[{"href":"https:\/\/rafabelgini.com\/index.php?rest_route=\/wp\/v2\/pages\/819","targetHints":{"allow":["GET"]}}],"collection":[{"href":"https:\/\/rafabelgini.com\/index.php?rest_route=\/wp\/v2\/pages"}],"about":[{"href":"https:\/\/rafabelgini.com\/index.php?rest_route=\/wp\/v2\/types\/page"}],"author":[{"embeddable":true,"href":"https:\/\/rafabelgini.com\/index.php?rest_route=\/wp\/v2\/users\/1"}],"replies":[{"embeddable":true,"href":"https:\/\/rafabelgini.com\/index.php?rest_route=%2Fwp%2Fv2%2Fcomments&post=819"}],"version-history":[{"count":31,"href":"https:\/\/rafabelgini.com\/index.php?rest_route=\/wp\/v2\/pages\/819\/revisions"}],"predecessor-version":[{"id":1348,"href":"https:\/\/rafabelgini.com\/index.php?rest_route=\/wp\/v2\/pages\/819\/revisions\/1348"}],"wp:attachment":[{"href":"https:\/\/rafabelgini.com\/index.php?rest_route=%2Fwp%2Fv2%2Fmedia&parent=819"}],"curies":[{"name":"wp","href":"https:\/\/api.w.org\/{rel}","templated":true}]}}