{"id":1159,"date":"2026-01-08T08:42:37","date_gmt":"2026-01-08T08:42:37","guid":{"rendered":"https:\/\/rafabelgini.com\/?page_id=1159"},"modified":"2026-01-24T14:12:14","modified_gmt":"2026-01-24T14:12:14","slug":"teste","status":"publish","type":"page","link":"https:\/\/rafabelgini.com\/?page_id=1159","title":{"rendered":"Nathalia Belgini"},"content":{"rendered":"\t\t<div data-elementor-type=\"wp-page\" data-elementor-id=\"1159\" class=\"elementor elementor-1159\" data-elementor-post-type=\"page\">\n\t\t\t\t<div class=\"elementor-element elementor-element-0a657dc e-flex e-con-boxed e-con e-parent\" data-id=\"0a657dc\" data-element_type=\"container\" data-e-type=\"container\">\n\t\t\t\t\t<div class=\"e-con-inner\">\n\t\t\t\t<div class=\"elementor-element elementor-element-694f3a3 elementor-widget elementor-widget-html\" data-id=\"694f3a3\" data-element_type=\"widget\" data-e-type=\"widget\" data-widget_type=\"html.default\">\n\t\t\t\t<div class=\"elementor-widget-container\">\n\t\t\t\t\t<section class=\"fitness-page\" aria-labelledby=\"fitness-title\">\r\n  <style>\r\n    @import url('https:\/\/fonts.googleapis.com\/css2?family=Cinzel:wght@500;600&family=Plus+Jakarta+Sans:wght@300;400;500;600;800&display=swap');\r\n\r\n    .fitness-page{\r\n      \/* \ud83c\udfa8 PALETA ATUAL DO SITE *\/\r\n      --main:#892635;\r\n      --ink:#2a2a2a;\r\n      --soft:#f4f1f2;\r\n      --soft-2:#efe9ec;\r\n      --maxw:1100px;\r\n\r\n      font-family:\"Plus Jakarta Sans\",system-ui,-apple-system,Segoe UI,Roboto,Arial,sans-serif;\r\n      color:var(--ink);\r\n      width:100%;\r\n    }\r\n\r\n    .fit-wrap{max-width:var(--maxw); margin:0 auto;}\r\n    .fit-section{padding:78px 20px; background:#fff;}\r\n    .fit-section--soft{\r\n      background:linear-gradient(180deg,#f6f3f4 0%, var(--soft) 100%);\r\n    }\r\n\r\n    .fit-title{\r\n      text-align:center;\r\n      font-family:\"Cinzel\",serif;\r\n      color:var(--main);\r\n      font-size:clamp(26px,4vw,38px);\r\n      margin-bottom:26px;\r\n    }\r\n\r\n    \/* HERO *\/\r\n    .fit-hero{\r\n      padding:90px 20px 62px;\r\n      text-align:center;\r\n      background:\r\n        radial-gradient(120% 120% at 10% 0%,\r\n        #ffffff 0%,\r\n        #f3eef0 45%,\r\n        var(--soft-2) 100%);\r\n    }\r\n    .fit-hero__title{\r\n      font-family:\"Cinzel\",serif;\r\n      color:var(--main);\r\n      font-size:clamp(34px,5vw,52px);\r\n      margin-bottom:10px;\r\n    }\r\n    .fit-hero__sub{\r\n      max-width:860px;\r\n      margin:0 auto;\r\n      font-weight:600;\r\n      line-height:1.75;\r\n      color:#5f5058;\r\n    }\r\n\r\n    .whatsapp-btn{\r\n      margin-top:28px;\r\n      display:inline-flex;\r\n      align-items:center;\r\n      gap:10px;\r\n      padding:16px 28px;\r\n      background:#25D366;\r\n      color:#fff;\r\n      border-radius:999px;\r\n      text-decoration:none;\r\n      font-weight:800;\r\n      box-shadow:0 14px 32px rgba(37,211,102,.45);\r\n      transition:transform .25s ease, box-shadow .25s ease;\r\n    }\r\n    .whatsapp-btn:hover{\r\n      transform:translateY(-2px);\r\n      box-shadow:0 18px 40px rgba(37,211,102,.55);\r\n    }\r\n\r\n    \/* CARDS *\/\r\n    .fit-grid{\r\n      display:grid;\r\n      grid-template-columns:repeat(2,1fr);\r\n      gap:18px;\r\n    }\r\n    .fit-card{\r\n      border:2px solid rgba(137,38,53,.35);\r\n      border-radius:22px;\r\n      padding:28px 22px;\r\n      box-shadow:0 12px 26px rgba(137,38,53,.08);\r\n      background:#fff;\r\n    }\r\n    .fit-card__name{\r\n      font-family:\"Cinzel\",serif;\r\n      color:var(--main);\r\n      letter-spacing:.1em;\r\n      text-transform:uppercase;\r\n      margin-bottom:10px;\r\n    }\r\n\r\n    \/* PROFIL *\/\r\n    .fit-profile{\r\n      display:grid;\r\n      grid-template-columns:380px 1fr;\r\n      gap:26px;\r\n      align-items:center;\r\n    }\r\n    .fit-profile__img{\r\n      border-radius:22px;\r\n      overflow:hidden;\r\n      aspect-ratio:4\/5;\r\n      box-shadow:0 16px 34px rgba(137,38,53,.18);\r\n    }\r\n    .fit-profile__img img{\r\n      width:100%;\r\n      height:100%;\r\n      object-fit:cover;\r\n    }\r\n    .fit-profile__name{\r\n      font-family:\"Cinzel\",serif;\r\n      color:var(--main);\r\n      text-transform:uppercase;\r\n      margin-bottom:10px;\r\n    }\r\n\r\n    \/* AGENDA *\/\r\n    .fit-schedule-grid{\r\n      display:grid;\r\n      grid-template-columns:repeat(2,1fr);\r\n      gap:18px;\r\n    }\r\n    .day{\r\n      border:2px solid rgba(137,38,53,.45);\r\n      border-radius:18px;\r\n      overflow:hidden;\r\n      box-shadow:0 12px 26px rgba(137,38,53,.08);\r\n      background:#fff;\r\n    }\r\n    .day__head{\r\n      background:var(--main);\r\n      color:#fff;\r\n      text-align:center;\r\n      padding:14px;\r\n      font-family:\"Cinzel\",serif;\r\n      letter-spacing:.08em;\r\n    }\r\n    .day__list{padding:18px;}\r\n    .class{\r\n      display:flex;\r\n      justify-content:space-between;\r\n      padding:8px 0;\r\n      border-bottom:1px dashed rgba(137,38,53,.35);\r\n    }\r\n    .class:last-child{border-bottom:none;}\r\n    .class__name{\r\n      font-weight:800;\r\n      color:var(--main);\r\n      text-transform:uppercase;\r\n      font-size:14px;\r\n    }\r\n    .class__time{\r\n      font-weight:600;\r\n      color:#6b5a64;\r\n    }\r\n\r\n    @media(max-width:980px){\r\n      .fit-grid,\r\n      .fit-schedule-grid{grid-template-columns:1fr;}\r\n      .fit-profile{grid-template-columns:1fr;text-align:center;}\r\n      .fit-profile__img{max-width:420px;margin:0 auto;}\r\n    }\r\n  <\/style>\r\n\r\n  <!-- HERO -->\r\n  <header class=\"fit-hero\">\r\n    <h1 id=\"fitness-title\" class=\"fit-hero__title\">Fitness<\/h1>\r\n    <p class=\"fit-hero__sub\">\r\n      \u00c9nergie, mouvement et bien-\u00eatre en musique.<br>\r\n      Des cours dynamiques m\u00ealant danse et fitness pour bouger avec plaisir.\r\n    <\/p>\r\n    <a class=\"whatsapp-btn\" target=\"_blank\" href=\"https:\/\/wa.me\/41795475021\">\r\n      \ud83d\udcac R\u00e9server une s\u00e9ance d\u2019essai gratuite\r\n    <\/a>\r\n  <\/header>\r\n\r\n  <!-- MODALIT\u00c9S -->\r\n  <section class=\"fit-section\">\r\n    <div class=\"fit-wrap\">\r\n      <h2 class=\"fit-title\">Modalit\u00e9s Fitness<\/h2>\r\n\r\n      <div class=\"fit-grid\">\r\n        <article class=\"fit-card\">\r\n          <h3 class=\"fit-card__name\">BeatFit<\/h3>\r\n          <p>Entra\u00eenement rythm\u00e9 m\u00ealant danse, cardio et renforcement musculaire dans des s\u00e9ances vari\u00e9es et motivantes.<\/p>\r\n        <\/article>\r\n\r\n        <article class=\"fit-card\">\r\n          <h3 class=\"fit-card__name\">BeatFit Br\u00e9sil<\/h3>\r\n          <p>M\u00eame concept, avec des musiques exclusivement br\u00e9siliennes pour une ambiance solaire et \u00e9nergique.<\/p>\r\n        <\/article>\r\n      <\/div>\r\n    <\/div>\r\n  <\/section>\r\n\r\n  <!-- PROF -->\r\n  <section class=\"fit-section fit-section--soft\">\r\n    <div class=\"fit-wrap\">\r\n      <h2 class=\"fit-title\">Nathalia Belgini<\/h2>\r\n\r\n      <div class=\"fit-profile\">\r\n        <figure class=\"fit-profile__img\">\r\n          <img decoding=\"async\" src=\"https:\/\/rafabelgini.com\/wp-content\/uploads\/2026\/01\/WhatsApp-Image-2026-01-14-at-10.17.11-scaled.jpeg\"\r\n               alt=\"Nathalia Belgini\">\r\n        <\/figure>\r\n\r\n        <div>\r\n          <h3 class=\"fit-profile__name\">Nathalia Belgini<\/h3>\r\n          <p>\r\n            Dipl\u00f4m\u00e9e en \u00c9ducation Physique, Nathalia Belgini est instructrice de danse et de fitness\r\n            avec plus de 14 ans d\u2019exp\u00e9rience dans les cours collectifs.\r\n            <br><br>\r\n            Depuis l\u2019enfance, elle a d\u00e9velopp\u00e9 une approche qui allie rythme, conscience corporelle\r\n            et bien-\u00eatre.\r\n            <br><br>\r\n            Elle est la cr\u00e9atrice du <b>BeatFit<\/b>, un concept dynamique pens\u00e9 pour bouger avec plaisir,\r\n            sans routine r\u00e9p\u00e9titive, dans un environnement motivant et accessible.\r\n          <\/p>\r\n        <\/div>\r\n      <\/div>\r\n    <\/div>\r\n  <\/section>\r\n\r\n  <!-- AGENDA -->\r\n  <section class=\"fit-section\">\r\n    <div class=\"fit-wrap\">\r\n      <h2 class=\"fit-title\">Horaires des cours<\/h2>\r\n\r\n      <div class=\"fit-schedule-grid\">\r\n        <div class=\"day\">\r\n          <div class=\"day__head\">LUNDI<\/div>\r\n          <div class=\"day__list\">\r\n            <div class=\"class\"><span class=\"class__name\">BeatFit<\/span><span class=\"class__time\">12h10 \u2013 13h00<\/span><\/div>\r\n            <div class=\"class\"><span class=\"class__name\">BeatFit<\/span><span class=\"class__time\">18h00 \u2013 18h50<\/span><\/div>\r\n          <\/div>\r\n        <\/div>\r\n\r\n        <div class=\"day\">\r\n          <div class=\"day__head\">MERCREDI<\/div>\r\n          <div class=\"day__list\">\r\n            <div class=\"class\"><span class=\"class__name\">BeatFit<\/span><span class=\"class__time\">09h00 \u2013 09h50<\/span><\/div>\r\n            <div class=\"class\"><span class=\"class__name\">BeatFit Br\u00e9sil<\/span><span class=\"class__time\">19h00 \u2013 19h50<\/span><\/div>\r\n          <\/div>\r\n        <\/div>\r\n      <\/div>\r\n    <\/div>\r\n  <\/section>\r\n<\/section>\r\n\t\t\t\t<\/div>\n\t\t\t\t<\/div>\n\t\t\t\t\t<\/div>\n\t\t\t\t<\/div>\n\t\t<div class=\"elementor-element elementor-element-339c119 e-flex e-con-boxed e-con e-parent\" data-id=\"339c119\" data-element_type=\"container\" data-e-type=\"container\" data-settings=\"{&quot;background_background&quot;:&quot;gradient&quot;}\">\n\t\t\t\t\t<div class=\"e-con-inner\">\n\t\t\t\t<div class=\"elementor-element elementor-element-f8f1ef1 elementor-widget elementor-widget-html\" data-id=\"f8f1ef1\" data-element_type=\"widget\" data-e-type=\"widget\" data-widget_type=\"html.default\">\n\t\t\t\t<div class=\"elementor-widget-container\">\n\t\t\t\t\t<!-- CTA FINAL FULL WIDTH -->\r\n<section class=\"fit-final-cta-full\">\r\n  <style>\r\n    @import url('https:\/\/fonts.googleapis.com\/css2?family=Cinzel:wght@500;600&family=Plus+Jakarta+Sans:wght@400;600;800&display=swap');\r\n\r\n    .fit-final-cta-full{\r\n      width:100vw;\r\n      margin-left:calc(50% - 50vw);\r\n      margin-right:calc(50% - 50vw);\r\n      padding:90px 20px;\r\n      background:linear-gradient(180deg,#faf7fb 0%, #f1e7ef 100%);\r\n      text-align:center;\r\n      font-family:\"Plus Jakarta Sans\",system-ui,-apple-system,Segoe UI,Roboto,Arial,sans-serif;\r\n    }\r\n\r\n    .fit-final-cta-inner{\r\n      max-width:1100px;\r\n      margin:0 auto;\r\n    }\r\n\r\n    .fit-final-title{\r\n      margin:0 0 18px;\r\n      font-family:\"Cinzel\",serif;\r\n      color:#744464;\r\n      font-weight:600;\r\n      font-size:clamp(28px,4vw,40px);\r\n      letter-spacing:.4px;\r\n    }\r\n\r\n    .fit-final-text{\r\n      max-width:760px;\r\n      margin:0 auto 36px;\r\n      color:#4a3f46;\r\n      font-size:16px;\r\n      line-height:1.8;\r\n      font-weight:600;\r\n    }\r\n\r\n    .fit-final-whatsapp{\r\n      display:inline-flex;\r\n      align-items:center;\r\n      gap:12px;\r\n      background:#25D366;\r\n      color:#fff;\r\n      padding:18px 36px;\r\n      border-radius:999px;\r\n      font-weight:800;\r\n      letter-spacing:.03em;\r\n      text-decoration:none;\r\n      font-size:16px;\r\n      box-shadow:0 18px 40px rgba(37,211,102,.45);\r\n      transition:transform .25s ease, box-shadow .25s ease, opacity .25s ease;\r\n    }\r\n\r\n    .fit-final-whatsapp:hover{\r\n      transform:translateY(-2px);\r\n      box-shadow:0 22px 48px rgba(37,211,102,.55);\r\n      opacity:.95;\r\n    }\r\n  <\/style>\r\n\r\n  <div class=\"fit-final-cta-inner\">\r\n    <h2 class=\"fit-final-title\">Envie-nous un message<\/h2>\r\n\r\n    <p class=\"fit-final-text\">\r\n      Envie d\u2019essayer un cours, poser une question ou simplement en savoir plus ?\r\n      <br>\r\n      Contactez-nous directement sur WhatsApp et r\u00e9servez votre\r\n      <b>s\u00e9ance d\u2019essai gratuite<\/b>.\r\n    <\/p>\r\n\r\n    <a href=\"https:\/\/wa.me\/41795475021?text=Bonjour%20Nathalia%20!%20Je%20souhaite%20r%C3%A9server%20une%20s%C3%A9ance%20d%E2%80%99essai%20gratuite.%20Pouvez-vous%20me%20donner%20les%20disponibilit%C3%A9s%20%3F\"\r\n       target=\"_blank\"\r\n       class=\"fit-final-whatsapp\">\r\n      \ud83d\udcac R\u00e9server une s\u00e9ance d\u2019essai gratuite\r\n    <\/a>\r\n  <\/div>\r\n<\/section>\r\n\t\t\t\t<\/div>\n\t\t\t\t<\/div>\n\t\t\t\t\t<\/div>\n\t\t\t\t<\/div>\n\t\t<div class=\"elementor-element elementor-element-e365310 e-flex e-con-boxed e-con e-parent\" data-id=\"e365310\" data-element_type=\"container\" data-e-type=\"container\">\n\t\t\t\t\t<div class=\"e-con-inner\">\n\t\t\t\t<div class=\"elementor-element elementor-element-44769e3 elementor-widget elementor-widget-image\" data-id=\"44769e3\" data-element_type=\"widget\" data-e-type=\"widget\" data-widget_type=\"image.default\">\n\t\t\t\t<div class=\"elementor-widget-container\">\n\t\t\t\t\t\t\t\t\t\t\t\t\t\t\t<img fetchpriority=\"high\" decoding=\"async\" width=\"768\" height=\"960\" src=\"https:\/\/rafabelgini.com\/wp-content\/uploads\/2026\/01\/post-instagram-box-crossfit-treino-moderno-profissional-forte-preto-branco-e-vermelho-768x960.png\" class=\"attachment-medium_large size-medium_large wp-image-1400\" alt=\"\" srcset=\"https:\/\/rafabelgini.com\/wp-content\/uploads\/2026\/01\/post-instagram-box-crossfit-treino-moderno-profissional-forte-preto-branco-e-vermelho-768x960.png 768w, https:\/\/rafabelgini.com\/wp-content\/uploads\/2026\/01\/post-instagram-box-crossfit-treino-moderno-profissional-forte-preto-branco-e-vermelho-240x300.png 240w, https:\/\/rafabelgini.com\/wp-content\/uploads\/2026\/01\/post-instagram-box-crossfit-treino-moderno-profissional-forte-preto-branco-e-vermelho-819x1024.png 819w, https:\/\/rafabelgini.com\/wp-content\/uploads\/2026\/01\/post-instagram-box-crossfit-treino-moderno-profissional-forte-preto-branco-e-vermelho-48x60.png 48w, https:\/\/rafabelgini.com\/wp-content\/uploads\/2026\/01\/post-instagram-box-crossfit-treino-moderno-profissional-forte-preto-branco-e-vermelho.png 1080w\" sizes=\"(max-width: 768px) 100vw, 768px\" \/>\t\t\t\t\t\t\t\t\t\t\t\t\t\t\t<\/div>\n\t\t\t\t<\/div>\n\t\t\t\t\t<\/div>\n\t\t\t\t<\/div>\n\t\t\t\t<\/div>\n\t\t","protected":false},"excerpt":{"rendered":"<p>Fitness \u00c9nergie, mouvement et bien-\u00eatre en musique. Des cours dynamiques m\u00ealant danse et fitness pour bouger avec plaisir. \ud83d\udcac R\u00e9server une s\u00e9ance d\u2019essai gratuite Modalit\u00e9s Fitness BeatFit Entra\u00eenement rythm\u00e9 m\u00ealant danse, cardio et renforcement musculaire dans des s\u00e9ances vari\u00e9es et motivantes. BeatFit Br\u00e9sil M\u00eame concept, avec des musiques exclusivement br\u00e9siliennes pour une ambiance solaire et \u00e9nergique. Nathalia Belgini Nathalia Belgini Dipl\u00f4m\u00e9e en \u00c9ducation Physique, Nathalia Belgini est instructrice de danse et de fitness avec plus &hellip; <\/p>\n","protected":false},"author":1,"featured_media":0,"parent":0,"menu_order":0,"comment_status":"closed","ping_status":"closed","template":"elementor_canvas","meta":{"footnotes":""},"class_list":["post-1159","page","type-page","status-publish","hentry"],"_links":{"self":[{"href":"https:\/\/rafabelgini.com\/index.php?rest_route=\/wp\/v2\/pages\/1159","targetHints":{"allow":["GET"]}}],"collection":[{"href":"https:\/\/rafabelgini.com\/index.php?rest_route=\/wp\/v2\/pages"}],"about":[{"href":"https:\/\/rafabelgini.com\/index.php?rest_route=\/wp\/v2\/types\/page"}],"author":[{"embeddable":true,"href":"https:\/\/rafabelgini.com\/index.php?rest_route=\/wp\/v2\/users\/1"}],"replies":[{"embeddable":true,"href":"https:\/\/rafabelgini.com\/index.php?rest_route=%2Fwp%2Fv2%2Fcomments&post=1159"}],"version-history":[{"count":32,"href":"https:\/\/rafabelgini.com\/index.php?rest_route=\/wp\/v2\/pages\/1159\/revisions"}],"predecessor-version":[{"id":1403,"href":"https:\/\/rafabelgini.com\/index.php?rest_route=\/wp\/v2\/pages\/1159\/revisions\/1403"}],"wp:attachment":[{"href":"https:\/\/rafabelgini.com\/index.php?rest_route=%2Fwp%2Fv2%2Fmedia&parent=1159"}],"curies":[{"name":"wp","href":"https:\/\/api.w.org\/{rel}","templated":true}]}}